{"id":443,"date":"2024-06-04T12:24:12","date_gmt":"2024-06-04T10:24:12","guid":{"rendered":"https:\/\/cateringalmirez.com\/?post_type=product&#038;p=443"},"modified":"2025-02-13T18:28:31","modified_gmt":"2025-02-13T17:28:31","slug":"brocheta-de-rape-con-langostinos-y-vieiras-con-salteado-de-verduritas","status":"publish","type":"product","link":"https:\/\/cateringalmirez.com\/gl\/produto\/brocheta-de-rape-con-langostinos-y-vieiras-con-salteado-de-verduritas\/","title":{"rendered":"Brocheta de Rape con Langostinos y Vieiras con Salteado de Verduritas"},"content":{"rendered":"","protected":false},"excerpt":{"rendered":"<p>1 Raci\u00f3n (250g\/Aprox)<\/p>\n<p>200 Gramos de Verduritas<\/p>\n<p class=\"p1\">AL\u00c9RGENOS: SULFITOS | PESCADO | MOL\u00daSCOS | CRUST\u00c1CEOS<\/p>\n<p>Foto: &#8220;sugerencia de presentaci\u00f3n&#8221;<\/p>\n","protected":false},"featured_media":361,"template":"","meta":{"_acf_changed":false},"product_cat":[37],"product_tag":[],"class_list":{"0":"post-443","1":"product","2":"type-product","3":"status-publish","4":"has-post-thumbnail","6":"product_cat-plato-principal","8":"first","9":"instock","10":"taxable","11":"shipping-taxable","12":"purchasable","13":"product-type-simple"},"acf":[],"_links":{"self":[{"href":"https:\/\/cateringalmirez.com\/gl\/wp-json\/wp\/v2\/product\/443"}],"collection":[{"href":"https:\/\/cateringalmirez.com\/gl\/wp-json\/wp\/v2\/product"}],"about":[{"href":"https:\/\/cateringalmirez.com\/gl\/wp-json\/wp\/v2\/types\/product"}],"wp:featuredmedia":[{"embeddable":true,"href":"https:\/\/cateringalmirez.com\/gl\/wp-json\/wp\/v2\/media\/361"}],"wp:attachment":[{"href":"https:\/\/cateringalmirez.com\/gl\/wp-json\/wp\/v2\/media?parent=443"}],"wp:term":[{"taxonomy":"product_cat","embeddable":true,"href":"https:\/\/cateringalmirez.com\/gl\/wp-json\/wp\/v2\/product_cat?post=443"},{"taxonomy":"product_tag","embeddable":true,"href":"https:\/\/cateringalmirez.com\/gl\/wp-json\/wp\/v2\/product_tag?post=443"}],"curies":[{"name":"wp","href":"https:\/\/api.w.org\/{rel}","templated":true}]}}