{"id":423,"date":"2024-06-04T12:24:07","date_gmt":"2024-06-04T10:24:07","guid":{"rendered":"https:\/\/cateringalmirez.com\/?post_type=product&#038;p=423"},"modified":"2025-10-27T18:06:23","modified_gmt":"2025-10-27T17:06:23","slug":"piquillos-rellenos-cangrejo-y-champinon","status":"publish","type":"product","link":"https:\/\/cateringalmirez.com\/gl\/produto\/piquillos-rellenos-cangrejo-y-champinon\/","title":{"rendered":"Piquillos Rellenos Cangrejo y Champi\u00f1\u00f3n [2und]"},"content":{"rendered":"","protected":false},"excerpt":{"rendered":"<p>2 Unidades<\/p>\n<p class=\"p1\">AL\u00c9RGENOS: SULFITOS | SOJA | S\u00c9SAMO | PESCADO | HUEVO | MOSTAZA | MOLUSCO | CRUST\u00c1CEOS | CACAHUETE | L\u00c1CTEOS | FRUTOS SECOS | GLUTEN | APIO<span class=\"Apple-converted-space\">\u00a0 <\/span>| ALTRAMUZ<\/p>\n<p>Foto: &#8220;sugerencia de presentaci\u00f3n&#8221;<\/p>\n<p>&nbsp;<\/p>\n","protected":false},"featured_media":304,"template":"","meta":{"_acf_changed":false},"product_cat":[35],"product_tag":[],"class_list":{"0":"post-423","1":"product","2":"type-product","3":"status-publish","4":"has-post-thumbnail","6":"product_cat-entrantes-es","8":"first","9":"instock","10":"taxable","11":"shipping-taxable","12":"purchasable","13":"product-type-simple"},"acf":[],"_links":{"self":[{"href":"https:\/\/cateringalmirez.com\/gl\/wp-json\/wp\/v2\/product\/423"}],"collection":[{"href":"https:\/\/cateringalmirez.com\/gl\/wp-json\/wp\/v2\/product"}],"about":[{"href":"https:\/\/cateringalmirez.com\/gl\/wp-json\/wp\/v2\/types\/product"}],"wp:featuredmedia":[{"embeddable":true,"href":"https:\/\/cateringalmirez.com\/gl\/wp-json\/wp\/v2\/media\/304"}],"wp:attachment":[{"href":"https:\/\/cateringalmirez.com\/gl\/wp-json\/wp\/v2\/media?parent=423"}],"wp:term":[{"taxonomy":"product_cat","embeddable":true,"href":"https:\/\/cateringalmirez.com\/gl\/wp-json\/wp\/v2\/product_cat?post=423"},{"taxonomy":"product_tag","embeddable":true,"href":"https:\/\/cateringalmirez.com\/gl\/wp-json\/wp\/v2\/product_tag?post=423"}],"curies":[{"name":"wp","href":"https:\/\/api.w.org\/{rel}","templated":true}]}}