{"id":3678,"date":"2026-05-07T17:40:52","date_gmt":"2026-05-07T15:40:52","guid":{"rendered":"https:\/\/cateringalmirez.com\/?post_type=product&#038;p=3678"},"modified":"2026-05-07T18:05:53","modified_gmt":"2026-05-07T16:05:53","slug":"mini-sandwiches-copia","status":"publish","type":"product","link":"https:\/\/cateringalmirez.com\/gl\/produto\/mini-sandwiches-copia\/","title":{"rendered":"Mini Sandwiches Variados"},"content":{"rendered":"","protected":false},"excerpt":{"rendered":"<h6>Sabores: Salm\u00f3n con Ensaladilla \/ Gorgonzola, Nuez y Lechuga \/ Cangrejo y Tomate \/ Bonito y Tomate \/ Vegetal con Esp\u00e1rrago \/ Pollo al Curry con Tomate \/ Lomo Ib\u00e9rico con Tomate<\/h6>\n<h6>AL\u00c9RGENOS: SULFITOS | SOJA | S\u00c9SAMO | PESCADO | HUEVO | MOSTAZA | MOLUSCO | CRUST\u00c1CEOS | CACAHUETE | L\u00c1CTEOS | FRUTOS SECOS | GLUTEN | APIO<span class=\"Apple-converted-space\">\u00a0 <\/span>| ALTRAMUZ<\/h6>\n<h6>Foto: &#8220;Sugerencia de presentaci\u00f3n&#8221;<\/h6>\n","protected":false},"featured_media":287,"template":"","meta":{"_acf_changed":false},"product_cat":[32],"product_tag":[],"class_list":{"0":"post-3678","1":"product","2":"type-product","3":"status-publish","4":"has-post-thumbnail","6":"product_cat-aperitivos-es","8":"first","9":"instock","10":"taxable","11":"shipping-taxable","12":"purchasable","13":"product-type-variable"},"acf":[],"_links":{"self":[{"href":"https:\/\/cateringalmirez.com\/gl\/wp-json\/wp\/v2\/product\/3678"}],"collection":[{"href":"https:\/\/cateringalmirez.com\/gl\/wp-json\/wp\/v2\/product"}],"about":[{"href":"https:\/\/cateringalmirez.com\/gl\/wp-json\/wp\/v2\/types\/product"}],"wp:featuredmedia":[{"embeddable":true,"href":"https:\/\/cateringalmirez.com\/gl\/wp-json\/wp\/v2\/media\/287"}],"wp:attachment":[{"href":"https:\/\/cateringalmirez.com\/gl\/wp-json\/wp\/v2\/media?parent=3678"}],"wp:term":[{"taxonomy":"product_cat","embeddable":true,"href":"https:\/\/cateringalmirez.com\/gl\/wp-json\/wp\/v2\/product_cat?post=3678"},{"taxonomy":"product_tag","embeddable":true,"href":"https:\/\/cateringalmirez.com\/gl\/wp-json\/wp\/v2\/product_tag?post=3678"}],"curies":[{"name":"wp","href":"https:\/\/api.w.org\/{rel}","templated":true}]}}