{"id":3666,"date":"2026-05-07T17:16:10","date_gmt":"2026-05-07T15:16:10","guid":{"rendered":"https:\/\/cateringalmirez.com\/?post_type=product&#038;p=3666"},"modified":"2026-05-07T19:03:07","modified_gmt":"2026-05-07T17:03:07","slug":"quiche","status":"publish","type":"product","link":"https:\/\/cateringalmirez.com\/gl\/produto\/quiche\/","title":{"rendered":"Quiche"},"content":{"rendered":"","protected":false},"excerpt":{"rendered":"<h6>Cada quiche est\u00e1 pensada para 15-20 Personas.<\/h6>\n<h6>Cada 1\/2 quiche est\u00e1 pensada para 08-10 Personas.<\/h6>\n<h6>SULFITOS | SOJA | S\u00c9SAMO | PESCADO | HUEVO | MOLUSCO | CRUST\u00c1CEOS | L\u00c1CTEOS\u00a0 | GLUTEN<\/h6>\n<h6>Foto: &#8220;Sugerencia de presentaci\u00f3n&#8221;<\/h6>\n","protected":false},"featured_media":299,"template":"","meta":{"_acf_changed":false},"product_cat":[32],"product_tag":[],"class_list":{"0":"post-3666","1":"product","2":"type-product","3":"status-publish","4":"has-post-thumbnail","6":"product_cat-aperitivos-es","8":"first","9":"instock","10":"taxable","11":"shipping-taxable","12":"purchasable","13":"product-type-variable"},"acf":[],"_links":{"self":[{"href":"https:\/\/cateringalmirez.com\/gl\/wp-json\/wp\/v2\/product\/3666"}],"collection":[{"href":"https:\/\/cateringalmirez.com\/gl\/wp-json\/wp\/v2\/product"}],"about":[{"href":"https:\/\/cateringalmirez.com\/gl\/wp-json\/wp\/v2\/types\/product"}],"wp:featuredmedia":[{"embeddable":true,"href":"https:\/\/cateringalmirez.com\/gl\/wp-json\/wp\/v2\/media\/299"}],"wp:attachment":[{"href":"https:\/\/cateringalmirez.com\/gl\/wp-json\/wp\/v2\/media?parent=3666"}],"wp:term":[{"taxonomy":"product_cat","embeddable":true,"href":"https:\/\/cateringalmirez.com\/gl\/wp-json\/wp\/v2\/product_cat?post=3666"},{"taxonomy":"product_tag","embeddable":true,"href":"https:\/\/cateringalmirez.com\/gl\/wp-json\/wp\/v2\/product_tag?post=3666"}],"curies":[{"name":"wp","href":"https:\/\/api.w.org\/{rel}","templated":true}]}}