{"id":3555,"date":"2026-05-04T09:08:48","date_gmt":"2026-05-04T07:08:48","guid":{"rendered":"https:\/\/cateringalmirez.com\/?post_type=product&#038;p=3555"},"modified":"2026-05-07T17:35:50","modified_gmt":"2026-05-07T15:35:50","slug":"empanada","status":"publish","type":"product","link":"https:\/\/cateringalmirez.com\/gl\/produto\/empanada\/","title":{"rendered":"Empanada"},"content":{"rendered":"","protected":false},"excerpt":{"rendered":"<h6>Cada empanada est\u00e1 pensada para 15-20 Persona.<\/h6>\n<h6>Cada 1\/2 empanada est\u00e1 pensada para 08-10 Persona.<\/h6>\n<h6>AL\u00c9RGENOS: SULFITOS | SOJA | S\u00c9SAMO | PESCADO | HUEVO | MOSTAZA | MOLUSCO | CRUST\u00c1CEOS | CACAHUETE | L\u00c1CTEOS | FRUTOS SECOS | GLUTEN | APIO<\/h6>\n<h6>Foto: &#8220;Sugerencia de presentaci\u00f3n&#8221;<\/h6>\n","protected":false},"featured_media":296,"template":"","meta":{"_acf_changed":false},"product_cat":[32],"product_tag":[],"class_list":{"0":"post-3555","1":"product","2":"type-product","3":"status-publish","4":"has-post-thumbnail","6":"product_cat-aperitivos-es","8":"first","9":"instock","10":"taxable","11":"shipping-taxable","12":"purchasable","13":"product-type-variable"},"acf":[],"_links":{"self":[{"href":"https:\/\/cateringalmirez.com\/gl\/wp-json\/wp\/v2\/product\/3555"}],"collection":[{"href":"https:\/\/cateringalmirez.com\/gl\/wp-json\/wp\/v2\/product"}],"about":[{"href":"https:\/\/cateringalmirez.com\/gl\/wp-json\/wp\/v2\/types\/product"}],"wp:featuredmedia":[{"embeddable":true,"href":"https:\/\/cateringalmirez.com\/gl\/wp-json\/wp\/v2\/media\/296"}],"wp:attachment":[{"href":"https:\/\/cateringalmirez.com\/gl\/wp-json\/wp\/v2\/media?parent=3555"}],"wp:term":[{"taxonomy":"product_cat","embeddable":true,"href":"https:\/\/cateringalmirez.com\/gl\/wp-json\/wp\/v2\/product_cat?post=3555"},{"taxonomy":"product_tag","embeddable":true,"href":"https:\/\/cateringalmirez.com\/gl\/wp-json\/wp\/v2\/product_tag?post=3555"}],"curies":[{"name":"wp","href":"https:\/\/api.w.org\/{rel}","templated":true}]}}